{"id":543,"date":"2024-04-24T10:35:01","date_gmt":"2024-04-24T08:35:01","guid":{"rendered":"https:\/\/schmale-gmbh.com\/?page_id=543"},"modified":"2024-09-27T14:43:49","modified_gmt":"2024-09-27T12:43:49","slug":"werkzeugmanagement","status":"publish","type":"page","link":"https:\/\/schmale-gmbh.com\/en\/werkzeugmanagement\/","title":{"rendered":"Tool management"},"content":{"rendered":"<div data-elementor-type=\"wp-page\" data-elementor-id=\"543\" class=\"elementor elementor-543\" data-elementor-post-type=\"page\">\n\t\t\t\t\t\t<section class=\"elementor-section elementor-top-section elementor-element elementor-element-fb74755 elementor-section-stretched elementor-section-height-full elementor-section-content-middle elementor-section-boxed elementor-section-height-default elementor-section-items-middle\" data-id=\"fb74755\" data-element_type=\"section\" data-e-type=\"section\" data-settings=\"{&quot;stretch_section&quot;:&quot;section-stretched&quot;,&quot;background_background&quot;:&quot;classic&quot;}\">\n\t\t\t\t\t\t\t<div class=\"elementor-background-overlay\"><\/div>\n\t\t\t\t\t\t\t<div class=\"elementor-container elementor-column-gap-default\">\n\t\t\t\t\t<div class=\"elementor-column elementor-col-50 elementor-top-column elementor-element elementor-element-41d137c elementor-invisible\" data-id=\"41d137c\" data-element_type=\"column\" data-e-type=\"column\" data-settings=\"{&quot;background_background&quot;:&quot;classic&quot;,&quot;animation&quot;:&quot;slideInLeft&quot;}\">\n\t\t\t<div class=\"elementor-widget-wrap elementor-element-populated\">\n\t\t\t\t\t\t<div class=\"elementor-element elementor-element-8972c06 e-transform elementor-view-default elementor-widget elementor-widget-icon\" data-id=\"8972c06\" data-element_type=\"widget\" data-e-type=\"widget\" data-settings=\"{&quot;_transform_translateX_effect_tablet_extra&quot;:{&quot;unit&quot;:&quot;px&quot;,&quot;size&quot;:0,&quot;sizes&quot;:[]},&quot;_transform_translateY_effect_tablet_extra&quot;:{&quot;unit&quot;:&quot;px&quot;,&quot;size&quot;:-40,&quot;sizes&quot;:[]},&quot;_transform_translateX_effect&quot;:{&quot;unit&quot;:&quot;px&quot;,&quot;size&quot;:&quot;&quot;,&quot;sizes&quot;:[]},&quot;_transform_translateX_effect_widescreen&quot;:{&quot;unit&quot;:&quot;px&quot;,&quot;size&quot;:&quot;&quot;,&quot;sizes&quot;:[]},&quot;_transform_translateX_effect_laptop&quot;:{&quot;unit&quot;:&quot;px&quot;,&quot;size&quot;:&quot;&quot;,&quot;sizes&quot;:[]},&quot;_transform_translateX_effect_tablet&quot;:{&quot;unit&quot;:&quot;px&quot;,&quot;size&quot;:&quot;&quot;,&quot;sizes&quot;:[]},&quot;_transform_translateX_effect_mobile_extra&quot;:{&quot;unit&quot;:&quot;px&quot;,&quot;size&quot;:&quot;&quot;,&quot;sizes&quot;:[]},&quot;_transform_translateX_effect_mobile&quot;:{&quot;unit&quot;:&quot;px&quot;,&quot;size&quot;:&quot;&quot;,&quot;sizes&quot;:[]},&quot;_transform_translateY_effect&quot;:{&quot;unit&quot;:&quot;px&quot;,&quot;size&quot;:&quot;&quot;,&quot;sizes&quot;:[]},&quot;_transform_translateY_effect_widescreen&quot;:{&quot;unit&quot;:&quot;px&quot;,&quot;size&quot;:&quot;&quot;,&quot;sizes&quot;:[]},&quot;_transform_translateY_effect_laptop&quot;:{&quot;unit&quot;:&quot;px&quot;,&quot;size&quot;:&quot;&quot;,&quot;sizes&quot;:[]},&quot;_transform_translateY_effect_tablet&quot;:{&quot;unit&quot;:&quot;px&quot;,&quot;size&quot;:&quot;&quot;,&quot;sizes&quot;:[]},&quot;_transform_translateY_effect_mobile_extra&quot;:{&quot;unit&quot;:&quot;px&quot;,&quot;size&quot;:&quot;&quot;,&quot;sizes&quot;:[]},&quot;_transform_translateY_effect_mobile&quot;:{&quot;unit&quot;:&quot;px&quot;,&quot;size&quot;:&quot;&quot;,&quot;sizes&quot;:[]}}\" data-widget_type=\"icon.default\">\n\t\t\t\t<div class=\"elementor-widget-container\">\n\t\t\t\t\t\t\t<div class=\"elementor-icon-wrapper\">\n\t\t\t<div class=\"elementor-icon\">\n\t\t\t<svg xmlns=\"http:\/\/www.w3.org\/2000\/svg\" xmlns:xlink=\"http:\/\/www.w3.org\/1999\/xlink\" id=\"Layer_1\" x=\"0px\" y=\"0px\" viewbox=\"0 0 874.4 308.8\" style=\"enable-background:new 0 0 874.4 308.8;\" xml:space=\"preserve\"><style type=\"text\/css\">\t.st0{fill:#FFFFFF;}<\/style><polygon class=\"st0\" points=\"855.6,275.2 558.7,15.9 19.3,285.6 163.6,285.6 557.9,149.4 760.7,275.2 \"><\/polygon><\/svg>\t\t\t<\/div>\n\t\t<\/div>\n\t\t\t\t\t\t<\/div>\n\t\t\t\t<\/div>\n\t\t\t\t<div class=\"elementor-element elementor-element-4291991 hero-h1 elementor-widget elementor-widget-heading\" data-id=\"4291991\" data-element_type=\"widget\" data-e-type=\"widget\" data-widget_type=\"heading.default\">\n\t\t\t\t<div class=\"elementor-widget-container\">\n\t\t\t\t\t<h1 class=\"elementor-heading-title elementor-size-default\">Global tool management \u2013 Focus on costing strategies<\/h1>\t\t\t\t<\/div>\n\t\t\t\t<\/div>\n\t\t\t\t<div class=\"elementor-element elementor-element-f18efe7 elementor-widget elementor-widget-text-editor\" data-id=\"f18efe7\" data-element_type=\"widget\" data-e-type=\"widget\" data-widget_type=\"text-editor.default\">\n\t\t\t\t<div class=\"elementor-widget-container\">\n\t\t\t\t\t\t\t\t\t<p><span style=\"color: var( --e-global-color-1237ee86 ); font-family: var( --e-global-typography-text-font-family ), Sans-serif; font-size: var( --e-global-typography-text-font-size ); font-weight: var( --e-global-typography-text-font-weight ); text-transform: var( --e-global-typography-text-text-transform );\">Our extensive experience and innovative approaches enable companies to optimise their tool processes, enhance competitiveness, and successfully position themselves in a global market.<\/span><\/p>\t\t\t\t\t\t\t\t<\/div>\n\t\t\t\t<\/div>\n\t\t\t\t\t<\/div>\n\t\t<\/div>\n\t\t\t\t<div class=\"elementor-column elementor-col-50 elementor-top-column elementor-element elementor-element-f739e48 elementor-hidden-phone\" data-id=\"f739e48\" data-element_type=\"column\" data-e-type=\"column\">\n\t\t\t<div class=\"elementor-widget-wrap\">\n\t\t\t\t\t\t\t<\/div>\n\t\t<\/div>\n\t\t\t\t\t<\/div>\n\t\t<\/section>\n\t\t\t\t<section class=\"elementor-section elementor-top-section elementor-element elementor-element-a8e180c elementor-section-boxed elementor-section-height-default elementor-section-height-default\" data-id=\"a8e180c\" data-element_type=\"section\" data-e-type=\"section\">\n\t\t\t\t\t\t<div class=\"elementor-container elementor-column-gap-default\">\n\t\t\t\t\t<div class=\"elementor-column elementor-col-50 elementor-top-column elementor-element elementor-element-9f3d332\" data-id=\"9f3d332\" data-element_type=\"column\" data-e-type=\"column\">\n\t\t\t<div class=\"elementor-widget-wrap\">\n\t\t\t\t\t\t\t<\/div>\n\t\t<\/div>\n\t\t\t\t<div class=\"elementor-column elementor-col-50 elementor-top-column elementor-element elementor-element-52a40cc elementor-invisible\" data-id=\"52a40cc\" data-element_type=\"column\" data-e-type=\"column\" data-settings=\"{&quot;animation&quot;:&quot;slideInRight&quot;}\">\n\t\t\t<div class=\"elementor-widget-wrap elementor-element-populated\">\n\t\t\t\t\t\t<div class=\"elementor-element elementor-element-23742bd elementor-view-default elementor-widget elementor-widget-icon\" data-id=\"23742bd\" data-element_type=\"widget\" data-e-type=\"widget\" data-widget_type=\"icon.default\">\n\t\t\t\t<div class=\"elementor-widget-container\">\n\t\t\t\t\t\t\t<div class=\"elementor-icon-wrapper\">\n\t\t\t<div class=\"elementor-icon\">\n\t\t\t<svg xmlns=\"http:\/\/www.w3.org\/2000\/svg\" xmlns:xlink=\"http:\/\/www.w3.org\/1999\/xlink\" id=\"Layer_1\" x=\"0px\" y=\"0px\" viewbox=\"0 0 874.4 272.8\" style=\"enable-background:new 0 0 874.4 272.8;\" xml:space=\"preserve\"><style type=\"text\/css\">\t.st0{fill:#FFFFFF;}\t.st1{fill:#022D60;}<\/style><polygon class=\"st0\" points=\"106.2,272.8 549.7,4.8 856.6,272.9 \"><\/polygon><polygon class=\"st1\" points=\"844.6,262.4 547.8,3.1 8.4,272.8 152.7,272.8 546.9,136.6 749.7,262.4 \"><\/polygon><\/svg>\t\t\t<\/div>\n\t\t<\/div>\n\t\t\t\t\t\t<\/div>\n\t\t\t\t<\/div>\n\t\t\t\t\t<\/div>\n\t\t<\/div>\n\t\t\t\t\t<\/div>\n\t\t<\/section>\n\t\t\t\t<section class=\"elementor-section elementor-top-section elementor-element elementor-element-720621c elementor-section-stretched elementor-section-boxed elementor-section-height-default elementor-section-height-default\" data-id=\"720621c\" data-element_type=\"section\" data-e-type=\"section\" data-settings=\"{&quot;stretch_section&quot;:&quot;section-stretched&quot;,&quot;background_background&quot;:&quot;classic&quot;}\">\n\t\t\t\t\t\t<div class=\"elementor-container elementor-column-gap-default\">\n\t\t\t\t\t<div class=\"elementor-column elementor-col-100 elementor-top-column elementor-element elementor-element-9764958\" data-id=\"9764958\" data-element_type=\"column\" data-e-type=\"column\" data-settings=\"{&quot;background_background&quot;:&quot;classic&quot;}\">\n\t\t\t<div class=\"elementor-widget-wrap elementor-element-populated\">\n\t\t\t\t\t\t<section class=\"elementor-section elementor-inner-section elementor-element elementor-element-901680e elementor-section-content-middle elementor-section-boxed elementor-section-height-default elementor-section-height-default\" data-id=\"901680e\" data-element_type=\"section\" data-e-type=\"section\">\n\t\t\t\t\t\t<div class=\"elementor-container elementor-column-gap-no\">\n\t\t\t\t\t<div class=\"elementor-column elementor-col-50 elementor-inner-column elementor-element elementor-element-c2aaf18 elementor-invisible\" data-id=\"c2aaf18\" data-element_type=\"column\" data-e-type=\"column\" data-settings=\"{&quot;background_background&quot;:&quot;classic&quot;,&quot;animation&quot;:&quot;fadeInLeft&quot;}\">\n\t\t\t<div class=\"elementor-widget-wrap elementor-element-populated\">\n\t\t\t\t\t\t<div class=\"elementor-element elementor-element-13bb648 elementor-widget elementor-widget-spacer\" data-id=\"13bb648\" data-element_type=\"widget\" data-e-type=\"widget\" data-widget_type=\"spacer.default\">\n\t\t\t\t<div class=\"elementor-widget-container\">\n\t\t\t\t\t\t\t<div class=\"elementor-spacer\">\n\t\t\t<div class=\"elementor-spacer-inner\"><\/div>\n\t\t<\/div>\n\t\t\t\t\t\t<\/div>\n\t\t\t\t<\/div>\n\t\t\t\t\t<\/div>\n\t\t<\/div>\n\t\t\t\t<div class=\"elementor-column elementor-col-50 elementor-inner-column elementor-element elementor-element-166ceb8\" data-id=\"166ceb8\" data-element_type=\"column\" data-e-type=\"column\" data-settings=\"{&quot;background_background&quot;:&quot;classic&quot;}\">\n\t\t\t<div class=\"elementor-widget-wrap elementor-element-populated\">\n\t\t\t\t\t\t<div class=\"elementor-element elementor-element-5a1d02b hero-h1 elementor-widget elementor-widget-heading\" data-id=\"5a1d02b\" data-element_type=\"widget\" data-e-type=\"widget\" data-widget_type=\"heading.default\">\n\t\t\t\t<div class=\"elementor-widget-container\">\n\t\t\t\t\t<h2 class=\"elementor-heading-title elementor-size-default\">Efficient tool management: increase productivity, reduce costs<\/h2>\t\t\t\t<\/div>\n\t\t\t\t<\/div>\n\t\t\t\t<div class=\"elementor-element elementor-element-a2c471d elementor-widget-divider--view-line elementor-widget elementor-widget-divider\" data-id=\"a2c471d\" data-element_type=\"widget\" data-e-type=\"widget\" data-widget_type=\"divider.default\">\n\t\t\t\t<div class=\"elementor-widget-container\">\n\t\t\t\t\t\t\t<div class=\"elementor-divider\">\n\t\t\t<span class=\"elementor-divider-separator\">\n\t\t\t\t\t\t<\/span>\n\t\t<\/div>\n\t\t\t\t\t\t<\/div>\n\t\t\t\t<\/div>\n\t\t\t\t<div class=\"elementor-element elementor-element-60da793 elementor-widget elementor-widget-text-editor\" data-id=\"60da793\" data-element_type=\"widget\" data-e-type=\"widget\" data-widget_type=\"text-editor.default\">\n\t\t\t\t<div class=\"elementor-widget-container\">\n\t\t\t\t\t\t\t\t\t<p>Our tool management starts with the precise costing of the tool and ends with its successful deployment in the market.\u00a0<\/p>\t\t\t\t\t\t\t\t<\/div>\n\t\t\t\t<\/div>\n\t\t\t\t<div class=\"elementor-element elementor-element-3448d8a elementor-widget elementor-widget-menu-anchor\" data-id=\"3448d8a\" data-element_type=\"widget\" data-e-type=\"widget\" data-widget_type=\"menu-anchor.default\">\n\t\t\t\t<div class=\"elementor-widget-container\">\n\t\t\t\t\t\t\t<div class=\"elementor-menu-anchor\" id=\"consulting\"><\/div>\n\t\t\t\t\t\t<\/div>\n\t\t\t\t<\/div>\n\t\t\t\t\t<\/div>\n\t\t<\/div>\n\t\t\t\t\t<\/div>\n\t\t<\/section>\n\t\t\t\t<section class=\"elementor-section elementor-inner-section elementor-element elementor-element-038b748 elementor-section-content-middle elementor-section-boxed elementor-section-height-default elementor-section-height-default\" data-id=\"038b748\" data-element_type=\"section\" data-e-type=\"section\">\n\t\t\t\t\t\t<div class=\"elementor-container elementor-column-gap-no\">\n\t\t\t\t\t<div class=\"elementor-column elementor-col-50 elementor-inner-column elementor-element elementor-element-69a3ee0\" data-id=\"69a3ee0\" data-element_type=\"column\" data-e-type=\"column\" data-settings=\"{&quot;background_background&quot;:&quot;classic&quot;}\">\n\t\t\t<div class=\"elementor-widget-wrap elementor-element-populated\">\n\t\t\t\t\t\t<div class=\"elementor-element elementor-element-e19997a hero-h1 elementor-widget elementor-widget-heading\" data-id=\"e19997a\" data-element_type=\"widget\" data-e-type=\"widget\" data-widget_type=\"heading.default\">\n\t\t\t\t<div class=\"elementor-widget-container\">\n\t\t\t\t\t<h2 class=\"elementor-heading-title elementor-size-default\">Tool consulting: \n<br>Your guarantee for success<\/h2>\t\t\t\t<\/div>\n\t\t\t\t<\/div>\n\t\t\t\t<div class=\"elementor-element elementor-element-6e86b1c elementor-widget-divider--view-line elementor-widget elementor-widget-divider\" data-id=\"6e86b1c\" data-element_type=\"widget\" data-e-type=\"widget\" data-widget_type=\"divider.default\">\n\t\t\t\t<div class=\"elementor-widget-container\">\n\t\t\t\t\t\t\t<div class=\"elementor-divider\">\n\t\t\t<span class=\"elementor-divider-separator\">\n\t\t\t\t\t\t<\/span>\n\t\t<\/div>\n\t\t\t\t\t\t<\/div>\n\t\t\t\t<\/div>\n\t\t\t\t<div class=\"elementor-element elementor-element-ff95d0e elementor-widget elementor-widget-text-editor\" data-id=\"ff95d0e\" data-element_type=\"widget\" data-e-type=\"widget\" data-widget_type=\"text-editor.default\">\n\t\t\t\t<div class=\"elementor-widget-container\">\n\t\t\t\t\t\t\t\t\t<p>Our tool consulting offers tailored solutions to meet your individual requirements. We analyse your needs and develop strategies to ensure your success. With our expertise and experience, we support you in optimising your processes and increasing your efficiency. Rely on us to help you achieve your goals and drive your business forward.<\/p>\t\t\t\t\t\t\t\t<\/div>\n\t\t\t\t<\/div>\n\t\t\t\t\t<\/div>\n\t\t<\/div>\n\t\t\t\t<div class=\"elementor-column elementor-col-50 elementor-inner-column elementor-element elementor-element-e3f7e91 elementor-invisible\" data-id=\"e3f7e91\" data-element_type=\"column\" data-e-type=\"column\" data-settings=\"{&quot;background_background&quot;:&quot;classic&quot;,&quot;animation&quot;:&quot;fadeInLeft&quot;}\">\n\t\t\t<div class=\"elementor-widget-wrap elementor-element-populated\">\n\t\t\t\t\t\t<div class=\"elementor-element elementor-element-5826f44 elementor-widget elementor-widget-spacer\" data-id=\"5826f44\" data-element_type=\"widget\" data-e-type=\"widget\" data-widget_type=\"spacer.default\">\n\t\t\t\t<div class=\"elementor-widget-container\">\n\t\t\t\t\t\t\t<div class=\"elementor-spacer\">\n\t\t\t<div class=\"elementor-spacer-inner\"><\/div>\n\t\t<\/div>\n\t\t\t\t\t\t<\/div>\n\t\t\t\t<\/div>\n\t\t\t\t\t<\/div>\n\t\t<\/div>\n\t\t\t\t\t<\/div>\n\t\t<\/section>\n\t\t\t\t\t<\/div>\n\t\t<\/div>\n\t\t\t\t\t<\/div>\n\t\t<\/section>\n\t\t\t\t<section class=\"elementor-section elementor-top-section elementor-element elementor-element-1e06a70 elementor-section-boxed elementor-section-height-default elementor-section-height-default\" data-id=\"1e06a70\" data-element_type=\"section\" data-e-type=\"section\" data-settings=\"{&quot;background_background&quot;:&quot;classic&quot;}\">\n\t\t\t\t\t\t\t<div class=\"elementor-background-overlay\"><\/div>\n\t\t\t\t\t\t\t<div class=\"elementor-container elementor-column-gap-default\">\n\t\t\t\t\t<div class=\"elementor-column elementor-col-50 elementor-top-column elementor-element elementor-element-11ee1e5 elementor-hidden-mobile\" data-id=\"11ee1e5\" data-element_type=\"column\" data-e-type=\"column\">\n\t\t\t<div class=\"elementor-widget-wrap\">\n\t\t\t\t\t\t\t<\/div>\n\t\t<\/div>\n\t\t\t\t<div class=\"elementor-column elementor-col-50 elementor-top-column elementor-element elementor-element-4b94fe8 elementor-invisible\" data-id=\"4b94fe8\" data-element_type=\"column\" data-e-type=\"column\" data-settings=\"{&quot;animation&quot;:&quot;slideInRight&quot;}\">\n\t\t\t<div class=\"elementor-widget-wrap elementor-element-populated\">\n\t\t\t\t\t\t<div class=\"elementor-element elementor-element-618ee87 elementor-view-default elementor-widget elementor-widget-icon\" data-id=\"618ee87\" data-element_type=\"widget\" data-e-type=\"widget\" data-widget_type=\"icon.default\">\n\t\t\t\t<div class=\"elementor-widget-container\">\n\t\t\t\t\t\t\t<div class=\"elementor-icon-wrapper\">\n\t\t\t<div class=\"elementor-icon\">\n\t\t\t<i aria-hidden=\"true\" class=\"fas fa-phone-alt\"><\/i>\t\t\t<\/div>\n\t\t<\/div>\n\t\t\t\t\t\t<\/div>\n\t\t\t\t<\/div>\n\t\t\t\t<div class=\"elementor-element elementor-element-c25681d elementor-widget__width-initial elementor-widget elementor-widget-text-editor\" data-id=\"c25681d\" data-element_type=\"widget\" data-e-type=\"widget\" data-widget_type=\"text-editor.default\">\n\t\t\t\t<div class=\"elementor-widget-container\">\n\t\t\t\t\t\t\t\t\t<p>Boost Your Performance \u2013 Optimise Your Tool Management with Us!<\/p>\t\t\t\t\t\t\t\t<\/div>\n\t\t\t\t<\/div>\n\t\t\t\t<div class=\"elementor-element elementor-element-2505110 elementor-align-left elementor-mobile-align-center elementor-widget elementor-widget-button\" data-id=\"2505110\" data-element_type=\"widget\" data-e-type=\"widget\" data-widget_type=\"button.default\">\n\t\t\t\t<div class=\"elementor-widget-container\">\n\t\t\t\t\t\t\t\t\t<div class=\"elementor-button-wrapper\">\n\t\t\t\t\t<a class=\"elementor-button elementor-button-link elementor-size-md\" href=\"\/en\/kontakt\/\">\n\t\t\t\t\t\t<span class=\"elementor-button-content-wrapper\">\n\t\t\t\t\t\t\t\t\t<span class=\"elementor-button-text\">Increase efficiency now<\/span>\n\t\t\t\t\t<\/span>\n\t\t\t\t\t<\/a>\n\t\t\t\t<\/div>\n\t\t\t\t\t\t\t\t<\/div>\n\t\t\t\t<\/div>\n\t\t\t\t\t<\/div>\n\t\t<\/div>\n\t\t\t\t\t<\/div>\n\t\t<\/section>\n\t\t\t\t<\/div>","protected":false},"excerpt":{"rendered":"<p>Weltweites Werkzeugmanagement \u2013 Kalkulationsstrategien im Fokus Unsere langj\u00e4hrige Erfahrung und innovative Herangehensweisen erm\u00f6glichen es Unternehmen, ihre Werkzeugprozesse zu optimieren, die Wettbewerbsf\u00e4higkeit zu st\u00e4rken und sich in einem globalen Markt erfolgreich zu positionieren. Effizientes Werkzeugmanagement: Produktivit\u00e4t steigern, Kosten senken Unser Werkzeugmanagement beginnt mit der pr\u00e4zisen Kalkulation des Werkzeugs und endet mit dessen erfolgreichem Einsatz im Markt.\u00a0 [&hellip;]<\/p>\n","protected":false},"author":1,"featured_media":0,"parent":0,"menu_order":0,"comment_status":"closed","ping_status":"closed","template":"elementor_header_footer","meta":{"footnotes":""},"class_list":["post-543","page","type-page","status-publish","hentry"],"yoast_head":"<!-- This site is optimized with the Yoast SEO plugin v27.3 - https:\/\/yoast.com\/product\/yoast-seo-wordpress\/ -->\n<title>Werkzeugmanagement | Weltweit | Schmale Software GmbH<\/title>\n<meta name=\"description\" content=\"Steigern Sie Ihre Produktivit\u00e4t weltweit mit der Schmale Software GmbH. Erfahren Sie mehr \u00fcber unser f\u00fchrendes Werkzeugmanagement \u2013\u00a0jetzt kontaktieren!\" \/>\n<meta name=\"robots\" content=\"index, follow, max-snippet:-1, max-image-preview:large, max-video-preview:-1\" \/>\n<link rel=\"canonical\" href=\"https:\/\/schmale-gmbh.com\/en\/werkzeugmanagement\/\" \/>\n<meta property=\"og:locale\" content=\"en_GB\" \/>\n<meta property=\"og:type\" content=\"article\" \/>\n<meta property=\"og:title\" content=\"Werkzeugmanagement | Weltweit | Schmale Software GmbH\" \/>\n<meta property=\"og:description\" content=\"Steigern Sie Ihre Produktivit\u00e4t weltweit mit der Schmale Software GmbH. Erfahren Sie mehr \u00fcber unser f\u00fchrendes Werkzeugmanagement \u2013\u00a0jetzt kontaktieren!\" \/>\n<meta property=\"og:url\" content=\"https:\/\/schmale-gmbh.com\/en\/werkzeugmanagement\/\" \/>\n<meta property=\"og:site_name\" content=\"Schmale Software GmbH\" \/>\n<meta property=\"article:modified_time\" content=\"2024-09-27T12:43:49+00:00\" \/>\n<meta name=\"twitter:card\" content=\"summary_large_image\" \/>\n<meta name=\"twitter:label1\" content=\"Estimated reading time\" \/>\n\t<meta name=\"twitter:data1\" content=\"1 minute\" \/>\n<script type=\"application\/ld+json\" class=\"yoast-schema-graph\">{\"@context\":\"https:\\\/\\\/schema.org\",\"@graph\":[{\"@type\":\"WebPage\",\"@id\":\"https:\\\/\\\/schmale-gmbh.com\\\/werkzeugmanagement\\\/\",\"url\":\"https:\\\/\\\/schmale-gmbh.com\\\/werkzeugmanagement\\\/\",\"name\":\"Werkzeugmanagement | Weltweit | Schmale Software GmbH\",\"isPartOf\":{\"@id\":\"https:\\\/\\\/schmale-gmbh.com\\\/#website\"},\"datePublished\":\"2024-04-24T08:35:01+00:00\",\"dateModified\":\"2024-09-27T12:43:49+00:00\",\"description\":\"Steigern Sie Ihre Produktivit\u00e4t weltweit mit der Schmale Software GmbH. Erfahren Sie mehr \u00fcber unser f\u00fchrendes Werkzeugmanagement \u2013\u00a0jetzt kontaktieren!\",\"breadcrumb\":{\"@id\":\"https:\\\/\\\/schmale-gmbh.com\\\/werkzeugmanagement\\\/#breadcrumb\"},\"inLanguage\":\"en-GB\",\"potentialAction\":[{\"@type\":\"ReadAction\",\"target\":[\"https:\\\/\\\/schmale-gmbh.com\\\/werkzeugmanagement\\\/\"]}]},{\"@type\":\"BreadcrumbList\",\"@id\":\"https:\\\/\\\/schmale-gmbh.com\\\/werkzeugmanagement\\\/#breadcrumb\",\"itemListElement\":[{\"@type\":\"ListItem\",\"position\":1,\"name\":\"Startseite\",\"item\":\"https:\\\/\\\/schmale-gmbh.com\\\/\"},{\"@type\":\"ListItem\",\"position\":2,\"name\":\"Werkzeugmanagement\"}]},{\"@type\":\"WebSite\",\"@id\":\"https:\\\/\\\/schmale-gmbh.com\\\/#website\",\"url\":\"https:\\\/\\\/schmale-gmbh.com\\\/\",\"name\":\"Schmale Software GmbH\",\"description\":\"\",\"publisher\":{\"@id\":\"https:\\\/\\\/schmale-gmbh.com\\\/#organization\"},\"potentialAction\":[{\"@type\":\"SearchAction\",\"target\":{\"@type\":\"EntryPoint\",\"urlTemplate\":\"https:\\\/\\\/schmale-gmbh.com\\\/?s={search_term_string}\"},\"query-input\":{\"@type\":\"PropertyValueSpecification\",\"valueRequired\":true,\"valueName\":\"search_term_string\"}}],\"inLanguage\":\"en-GB\"},{\"@type\":\"Organization\",\"@id\":\"https:\\\/\\\/schmale-gmbh.com\\\/#organization\",\"name\":\"Schmale Software GmbH\",\"url\":\"https:\\\/\\\/schmale-gmbh.com\\\/\",\"logo\":{\"@type\":\"ImageObject\",\"inLanguage\":\"en-GB\",\"@id\":\"https:\\\/\\\/schmale-gmbh.com\\\/#\\\/schema\\\/logo\\\/image\\\/\",\"url\":\"https:\\\/\\\/schmale-gmbh.com\\\/wp-content\\\/uploads\\\/2023\\\/08\\\/Schmale-Software-GmbH-logo3.png\",\"contentUrl\":\"https:\\\/\\\/schmale-gmbh.com\\\/wp-content\\\/uploads\\\/2023\\\/08\\\/Schmale-Software-GmbH-logo3.png\",\"width\":494,\"height\":52,\"caption\":\"Schmale Software GmbH\"},\"image\":{\"@id\":\"https:\\\/\\\/schmale-gmbh.com\\\/#\\\/schema\\\/logo\\\/image\\\/\"}}]}<\/script>\n<!-- \/ Yoast SEO plugin. -->","yoast_head_json":{"title":"Werkzeugmanagement | Weltweit | Schmale Software GmbH","description":"Steigern Sie Ihre Produktivit\u00e4t weltweit mit der Schmale Software GmbH. Erfahren Sie mehr \u00fcber unser f\u00fchrendes Werkzeugmanagement \u2013\u00a0jetzt kontaktieren!","robots":{"index":"index","follow":"follow","max-snippet":"max-snippet:-1","max-image-preview":"max-image-preview:large","max-video-preview":"max-video-preview:-1"},"canonical":"https:\/\/schmale-gmbh.com\/en\/werkzeugmanagement\/","og_locale":"en_GB","og_type":"article","og_title":"Werkzeugmanagement | Weltweit | Schmale Software GmbH","og_description":"Steigern Sie Ihre Produktivit\u00e4t weltweit mit der Schmale Software GmbH. Erfahren Sie mehr \u00fcber unser f\u00fchrendes Werkzeugmanagement \u2013\u00a0jetzt kontaktieren!","og_url":"https:\/\/schmale-gmbh.com\/en\/werkzeugmanagement\/","og_site_name":"Schmale Software GmbH","article_modified_time":"2024-09-27T12:43:49+00:00","twitter_card":"summary_large_image","twitter_misc":{"Estimated reading time":"1 minute"},"schema":{"@context":"https:\/\/schema.org","@graph":[{"@type":"WebPage","@id":"https:\/\/schmale-gmbh.com\/werkzeugmanagement\/","url":"https:\/\/schmale-gmbh.com\/werkzeugmanagement\/","name":"Werkzeugmanagement | Weltweit | Schmale Software GmbH","isPartOf":{"@id":"https:\/\/schmale-gmbh.com\/#website"},"datePublished":"2024-04-24T08:35:01+00:00","dateModified":"2024-09-27T12:43:49+00:00","description":"Steigern Sie Ihre Produktivit\u00e4t weltweit mit der Schmale Software GmbH. Erfahren Sie mehr \u00fcber unser f\u00fchrendes Werkzeugmanagement \u2013\u00a0jetzt kontaktieren!","breadcrumb":{"@id":"https:\/\/schmale-gmbh.com\/werkzeugmanagement\/#breadcrumb"},"inLanguage":"en-GB","potentialAction":[{"@type":"ReadAction","target":["https:\/\/schmale-gmbh.com\/werkzeugmanagement\/"]}]},{"@type":"BreadcrumbList","@id":"https:\/\/schmale-gmbh.com\/werkzeugmanagement\/#breadcrumb","itemListElement":[{"@type":"ListItem","position":1,"name":"Startseite","item":"https:\/\/schmale-gmbh.com\/"},{"@type":"ListItem","position":2,"name":"Werkzeugmanagement"}]},{"@type":"WebSite","@id":"https:\/\/schmale-gmbh.com\/#website","url":"https:\/\/schmale-gmbh.com\/","name":"Schmale Software GmbH","description":"","publisher":{"@id":"https:\/\/schmale-gmbh.com\/#organization"},"potentialAction":[{"@type":"SearchAction","target":{"@type":"EntryPoint","urlTemplate":"https:\/\/schmale-gmbh.com\/?s={search_term_string}"},"query-input":{"@type":"PropertyValueSpecification","valueRequired":true,"valueName":"search_term_string"}}],"inLanguage":"en-GB"},{"@type":"Organization","@id":"https:\/\/schmale-gmbh.com\/#organization","name":"Schmale Software GmbH","url":"https:\/\/schmale-gmbh.com\/","logo":{"@type":"ImageObject","inLanguage":"en-GB","@id":"https:\/\/schmale-gmbh.com\/#\/schema\/logo\/image\/","url":"https:\/\/schmale-gmbh.com\/wp-content\/uploads\/2023\/08\/Schmale-Software-GmbH-logo3.png","contentUrl":"https:\/\/schmale-gmbh.com\/wp-content\/uploads\/2023\/08\/Schmale-Software-GmbH-logo3.png","width":494,"height":52,"caption":"Schmale Software GmbH"},"image":{"@id":"https:\/\/schmale-gmbh.com\/#\/schema\/logo\/image\/"}}]}},"_links":{"self":[{"href":"https:\/\/schmale-gmbh.com\/en\/wp-json\/wp\/v2\/pages\/543","targetHints":{"allow":["GET"]}}],"collection":[{"href":"https:\/\/schmale-gmbh.com\/en\/wp-json\/wp\/v2\/pages"}],"about":[{"href":"https:\/\/schmale-gmbh.com\/en\/wp-json\/wp\/v2\/types\/page"}],"author":[{"embeddable":true,"href":"https:\/\/schmale-gmbh.com\/en\/wp-json\/wp\/v2\/users\/1"}],"replies":[{"embeddable":true,"href":"https:\/\/schmale-gmbh.com\/en\/wp-json\/wp\/v2\/comments?post=543"}],"version-history":[{"count":166,"href":"https:\/\/schmale-gmbh.com\/en\/wp-json\/wp\/v2\/pages\/543\/revisions"}],"predecessor-version":[{"id":2474,"href":"https:\/\/schmale-gmbh.com\/en\/wp-json\/wp\/v2\/pages\/543\/revisions\/2474"}],"wp:attachment":[{"href":"https:\/\/schmale-gmbh.com\/en\/wp-json\/wp\/v2\/media?parent=543"}],"curies":[{"name":"wp","href":"https:\/\/api.w.org\/{rel}","templated":true}]}}